{"id":2,"date":"2022-11-24T18:29:49","date_gmt":"2022-11-24T17:29:49","guid":{"rendered":"https:\/\/www.ernestocolnago.com\/?page_id=2"},"modified":"2022-11-25T09:44:19","modified_gmt":"2022-11-25T08:44:19","slug":"homepage","status":"publish","type":"page","link":"https:\/\/ernestocolnago.com\/it\/","title":{"rendered":"Homepage"},"content":{"rendered":"\t\t<div data-elementor-type=\"wp-page\" data-elementor-id=\"2\" class=\"elementor elementor-2\">\n\t\t\t\t\t\t<section class=\"elementor-section elementor-top-section elementor-element elementor-element-2ebaca16 elementor-section-full_width elementor-section-height-default elementor-section-height-default parallax_section_no qode_elementor_container_no\" data-id=\"2ebaca16\" data-element_type=\"section\" data-e-type=\"section\" data-settings=\"{&quot;background_background&quot;:&quot;slideshow&quot;,&quot;background_slideshow_gallery&quot;:[],&quot;background_slideshow_slide_duration&quot;:5000,&quot;background_slideshow_slide_transition&quot;:&quot;fade&quot;,&quot;background_slideshow_transition_duration&quot;:500}\">\n\t\t\t\t\t\t<div class=\"elementor-container elementor-column-gap-default\">\n\t\t\t\t\t<div class=\"elementor-column elementor-col-100 elementor-top-column elementor-element elementor-element-530977\" data-id=\"530977\" data-element_type=\"column\" data-e-type=\"column\" data-settings=\"{&quot;background_background&quot;:&quot;slideshow&quot;,&quot;background_slideshow_gallery&quot;:[],&quot;background_slideshow_loop&quot;:&quot;yes&quot;,&quot;background_slideshow_slide_duration&quot;:5000,&quot;background_slideshow_slide_transition&quot;:&quot;fade&quot;,&quot;background_slideshow_transition_duration&quot;:500}\">\n\t\t\t<div class=\"elementor-widget-wrap elementor-element-populated\">\n\t\t\t\t\t\t<section class=\"elementor-section elementor-inner-section elementor-element elementor-element-c39501 elementor-section-full_width qode_elementor_container_inner elementor-section-content-bottom elementor-section-height-default elementor-section-height-default parallax_section_no\" data-id=\"c39501\" data-element_type=\"section\" data-e-type=\"section\">\n\t\t\t\t\t\t<div class=\"elementor-container elementor-column-gap-default\">\n\t\t\t\t\t<div class=\"elementor-column elementor-col-100 elementor-inner-column elementor-element elementor-element-257e2711\" data-id=\"257e2711\" data-element_type=\"column\" data-e-type=\"column\">\n\t\t\t<div class=\"elementor-widget-wrap elementor-element-populated\">\n\t\t\t\t\t\t<div class=\"elementor-element elementor-element-7706f386 elementor-invisible elementor-widget elementor-widget-text-editor\" data-id=\"7706f386\" data-element_type=\"widget\" data-e-type=\"widget\" id=\"text-slider\" data-settings=\"{&quot;_animation&quot;:&quot;fadeInLeft&quot;,&quot;_animation_delay&quot;:200}\" data-widget_type=\"text-editor.default\">\n\t\t\t\t<div class=\"elementor-widget-container\">\n\t\t\t\t\t\t\t\t\tERNESTO COLNAGO\t\t\t\t\t\t\t\t<\/div>\n\t\t\t\t<\/div>\n\t\t\t\t<div class=\"elementor-element elementor-element-6c93216 elementor-invisible elementor-widget elementor-widget-text-editor\" data-id=\"6c93216\" data-element_type=\"widget\" data-e-type=\"widget\" data-settings=\"{&quot;_animation&quot;:&quot;fadeInLeft&quot;,&quot;_animation_delay&quot;:200}\" data-widget_type=\"text-editor.default\">\n\t\t\t\t<div class=\"elementor-widget-container\">\n\t\t\t\t\t\t\t\t\t<span>Un percorso irripetibile, una grande epopea che ha reso celebre Ernesto Colnago nel mondo. La bicicletta che si evolve, si trasforma, diventa mezzo per tutti e al tempo stesso simbolo di modernit\u00e0 e innovazione.<br>\nNon una sola storia, in verit\u00e0, bens\u00ec due vicende parallele: quella di un ragazzino che a 12 anni lavora come saldatore in officina sviluppando il genio creativo che lo trasformer\u00e0 in un mito; insieme a quella del rigore tecnologico e della qualit\u00e0 costruttiva che hanno sempre accompagnato le intuizioni dell&#8217;Ernesto Colnago entusiasta innovatore.<br>\t\t\t\t\t\t\t\t<\/div>\n\t\t\t\t<\/div>\n\t\t\t\t\t<\/div>\n\t\t<\/div>\n\t\t\t\t\t<\/div>\n\t\t<\/section>\n\t\t\t\t\t<\/div>\n\t\t<\/div>\n\t\t\t\t\t<\/div>\n\t\t<\/section>\n\t\t\t\t<section class=\"elementor-section elementor-top-section elementor-element elementor-element-774baef5 elementor-section-full_width elementor-section-height-default elementor-section-height-default parallax_section_no qode_elementor_container_no\" data-id=\"774baef5\" data-element_type=\"section\" data-e-type=\"section\">\n\t\t\t\t\t\t<div class=\"elementor-container elementor-column-gap-default\">\n\t\t\t\t\t<div class=\"elementor-column elementor-col-100 elementor-top-column elementor-element elementor-element-72f397e4\" data-id=\"72f397e4\" data-element_type=\"column\" data-e-type=\"column\">\n\t\t\t<div class=\"elementor-widget-wrap elementor-element-populated\">\n\t\t\t\t\t\t<div class=\"elementor-element elementor-element-409c1e7f elementor-widget elementor-widget-qi_addons_for_elementor_image_gallery_masonry\" data-id=\"409c1e7f\" data-element_type=\"widget\" data-e-type=\"widget\" data-widget_type=\"qi_addons_for_elementor_image_gallery_masonry.default\">\n\t\t\t\t<div class=\"elementor-widget-container\">\n\t\t\t\t\t<div class=\"qodef-shortcode qodef-m gallery-collezione qodef-qi-image-gallery-masonry qodef-image--hover-zoom qodef-qi-grid qodef-layout--qi-masonry qodef-items--fixed qodef-col-num--3 qodef-responsive--predefined\">\n\t<div class=\"qodef-grid-inner\">\n\t\t\t<div class=\"qodef-qi-grid-masonry-sizer\"><\/div>\n<div class=\"qodef-e qodef-image-wrapper qodef-grid-item qodef-item--huge-square\">\n\t<div class=\"qodef-e-inner\">\n\t\t\t\t\t<img fetchpriority=\"high\" decoding=\"async\" width=\"1300\" height=\"863\" src=\"https:\/\/ernestocolnago.com\/wp-content\/uploads\/2022\/11\/10-1-1300x863.jpg\" class=\"attachment-qi_addons_for_elementor_image_size_huge-square size-qi_addons_for_elementor_image_size_huge-square\" alt=\"\" \/>\t\t\t<\/div>\n<\/div>\n<div class=\"qodef-e qodef-image-wrapper qodef-grid-item qodef-item--square\">\n\t<div class=\"qodef-e-inner\">\n\t\t\t\t\t<img decoding=\"async\" width=\"650\" height=\"650\" src=\"https:\/\/ernestocolnago.com\/wp-content\/uploads\/2022\/11\/4-1-650x650.jpg\" class=\"attachment-qi_addons_for_elementor_image_size_square size-qi_addons_for_elementor_image_size_square\" alt=\"\" srcset=\"https:\/\/ernestocolnago.com\/wp-content\/uploads\/2022\/11\/4-1-650x650.jpg 650w, https:\/\/ernestocolnago.com\/wp-content\/uploads\/2022\/11\/4-1-150x150.jpg 150w, https:\/\/ernestocolnago.com\/wp-content\/uploads\/2022\/11\/4-1-570x570.jpg 570w, https:\/\/ernestocolnago.com\/wp-content\/uploads\/2022\/11\/4-1-500x500.jpg 500w\" sizes=\"(max-width: 650px) 100vw, 650px\" \/>\t\t\t<\/div>\n<\/div>\n<div class=\"qodef-e qodef-image-wrapper qodef-grid-item qodef-item--square\">\n\t<div class=\"qodef-e-inner\">\n\t\t\t\t\t<img decoding=\"async\" width=\"650\" height=\"650\" src=\"https:\/\/ernestocolnago.com\/wp-content\/uploads\/2022\/11\/UN-RAGAZZINO-DESTINATO-A-CRESCERE-1-650x650.jpg\" class=\"attachment-qi_addons_for_elementor_image_size_square size-qi_addons_for_elementor_image_size_square\" alt=\"\" srcset=\"https:\/\/ernestocolnago.com\/wp-content\/uploads\/2022\/11\/UN-RAGAZZINO-DESTINATO-A-CRESCERE-1-650x650.jpg 650w, https:\/\/ernestocolnago.com\/wp-content\/uploads\/2022\/11\/UN-RAGAZZINO-DESTINATO-A-CRESCERE-1-150x150.jpg 150w, https:\/\/ernestocolnago.com\/wp-content\/uploads\/2022\/11\/UN-RAGAZZINO-DESTINATO-A-CRESCERE-1-570x570.jpg 570w, https:\/\/ernestocolnago.com\/wp-content\/uploads\/2022\/11\/UN-RAGAZZINO-DESTINATO-A-CRESCERE-1-500x500.jpg 500w\" sizes=\"(max-width: 650px) 100vw, 650px\" \/>\t\t\t<\/div>\n<\/div>\n\t<\/div>\n<\/div>\n\t\t\t\t<\/div>\n\t\t\t\t<\/div>\n\t\t\t\t\t<\/div>\n\t\t<\/div>\n\t\t\t\t\t<\/div>\n\t\t<\/section>\n\t\t\t\t<section class=\"elementor-section elementor-top-section elementor-element elementor-element-7d342e12 elementor-section-full_width elementor-section-height-default elementor-section-height-default parallax_section_no qode_elementor_container_no\" data-id=\"7d342e12\" data-element_type=\"section\" data-e-type=\"section\" data-settings=\"{&quot;background_background&quot;:&quot;slideshow&quot;,&quot;background_slideshow_gallery&quot;:[],&quot;background_slideshow_slide_duration&quot;:5000,&quot;background_slideshow_slide_transition&quot;:&quot;fade&quot;,&quot;background_slideshow_transition_duration&quot;:500}\">\n\t\t\t\t\t\t<div class=\"elementor-container elementor-column-gap-default\">\n\t\t\t\t\t<div class=\"elementor-column elementor-col-100 elementor-top-column elementor-element elementor-element-1833a60f\" data-id=\"1833a60f\" data-element_type=\"column\" data-e-type=\"column\" data-settings=\"{&quot;background_background&quot;:&quot;slideshow&quot;,&quot;background_slideshow_gallery&quot;:[],&quot;background_slideshow_loop&quot;:&quot;yes&quot;,&quot;background_slideshow_slide_duration&quot;:5000,&quot;background_slideshow_slide_transition&quot;:&quot;fade&quot;,&quot;background_slideshow_transition_duration&quot;:500}\">\n\t\t\t<div class=\"elementor-widget-wrap elementor-element-populated\">\n\t\t\t\t\t\t<div class=\"elementor-element elementor-element-3a5eda73 elementor-invisible elementor-widget elementor-widget-text-editor\" data-id=\"3a5eda73\" data-element_type=\"widget\" data-e-type=\"widget\" data-settings=\"{&quot;_animation&quot;:&quot;fadeInLeft&quot;,&quot;_animation_delay&quot;:200}\" data-widget_type=\"text-editor.default\">\n\t\t\t\t<div class=\"elementor-widget-container\">\n\t\t\t\t\t\t\t\t\t<span>Nel 2022 nasce <a style=\"color: #ac8546;\" href=\"https:\/\/www.lacollezioneec.com\/it\/\" target=\"_blank\" rel=\"noopener\">LA Collezione Ernesto Colnago<\/a>, per ripercorrere una storia gloriosa lunga pi\u00f9 di 75 anni, mettendo in mostra l&#8217;immenso patrimonio tecnico e culturale di leggendarie biciclette uniche al mondo.<br>\nUn successo imprenditoriale che diventa evento culturale.\nUn viaggio nell&#8217;essenza stessa del ciclismo. Un&#8217;esperienza immersiva ed emozionante da vivere nei 1.000 metri quadrati dell&#8217;officina di Cambiago trasformata in museo (ingresso gratuito su prenotazione).<br>\n&#8220;Uno scrigno di ricordi, di sogni passati e futuri, di emozioni e di idee che prenderanno forma dove tutto \u00e8 nato&#8221;.<\/span>\t\t\t\t\t\t\t\t<\/div>\n\t\t\t\t<\/div>\n\t\t\t\t\t<\/div>\n\t\t<\/div>\n\t\t\t\t\t<\/div>\n\t\t<\/section>\n\t\t\t\t<section class=\"elementor-section elementor-top-section elementor-element elementor-element-1d1ac2ae elementor-section-full_width elementor-section-height-default elementor-section-height-default parallax_section_no qode_elementor_container_no\" data-id=\"1d1ac2ae\" data-element_type=\"section\" data-e-type=\"section\">\n\t\t\t\t\t\t<div class=\"elementor-container elementor-column-gap-default\">\n\t\t\t\t\t<div class=\"elementor-column elementor-col-100 elementor-top-column elementor-element elementor-element-41d0fb5d\" data-id=\"41d0fb5d\" data-element_type=\"column\" data-e-type=\"column\">\n\t\t\t<div class=\"elementor-widget-wrap elementor-element-populated\">\n\t\t\t\t\t\t<div class=\"elementor-element elementor-element-775d0880 elementor-widget elementor-widget-qi_addons_for_elementor_image_gallery_masonry\" data-id=\"775d0880\" data-element_type=\"widget\" data-e-type=\"widget\" data-widget_type=\"qi_addons_for_elementor_image_gallery_masonry.default\">\n\t\t\t\t<div class=\"elementor-widget-container\">\n\t\t\t\t\t<div class=\"qodef-shortcode qodef-m gallery-collezione qodef-qi-image-gallery-masonry qodef-image--hover-zoom qodef-qi-grid qodef-layout--qi-masonry qodef-items--fixed qodef-col-num--3 qodef-responsive--predefined\">\n\t<div class=\"qodef-grid-inner\">\n\t\t\t<div class=\"qodef-qi-grid-masonry-sizer\"><\/div>\n<div class=\"qodef-e qodef-image-wrapper qodef-grid-item qodef-item--square\">\n\t<div class=\"qodef-e-inner\">\n\t\t\t\t\t<img loading=\"lazy\" decoding=\"async\" width=\"650\" height=\"650\" src=\"https:\/\/ernestocolnago.com\/wp-content\/uploads\/2022\/11\/CARBONIO-FUORISEDE-SMALL-650x650.jpg\" class=\"attachment-qi_addons_for_elementor_image_size_square size-qi_addons_for_elementor_image_size_square\" alt=\"\" srcset=\"https:\/\/ernestocolnago.com\/wp-content\/uploads\/2022\/11\/CARBONIO-FUORISEDE-SMALL-650x650.jpg 650w, https:\/\/ernestocolnago.com\/wp-content\/uploads\/2022\/11\/CARBONIO-FUORISEDE-SMALL-150x150.jpg 150w, https:\/\/ernestocolnago.com\/wp-content\/uploads\/2022\/11\/CARBONIO-FUORISEDE-SMALL-570x570.jpg 570w, https:\/\/ernestocolnago.com\/wp-content\/uploads\/2022\/11\/CARBONIO-FUORISEDE-SMALL-500x500.jpg 500w\" sizes=\"(max-width: 650px) 100vw, 650px\" \/>\t\t\t<\/div>\n<\/div>\n<div class=\"qodef-e qodef-image-wrapper qodef-grid-item qodef-item--huge-square\">\n\t<div class=\"qodef-e-inner\">\n\t\t\t\t\t<img loading=\"lazy\" decoding=\"async\" width=\"901\" height=\"863\" src=\"https:\/\/ernestocolnago.com\/wp-content\/uploads\/2022\/11\/mapei-1.jpg\" class=\"attachment-qi_addons_for_elementor_image_size_huge-square size-qi_addons_for_elementor_image_size_huge-square\" alt=\"\" srcset=\"https:\/\/ernestocolnago.com\/wp-content\/uploads\/2022\/11\/mapei-1.jpg 901w, https:\/\/ernestocolnago.com\/wp-content\/uploads\/2022\/11\/mapei-1-300x287.jpg 300w, https:\/\/ernestocolnago.com\/wp-content\/uploads\/2022\/11\/mapei-1-768x736.jpg 768w, https:\/\/ernestocolnago.com\/wp-content\/uploads\/2022\/11\/mapei-1-700x670.jpg 700w\" sizes=\"(max-width: 901px) 100vw, 901px\" \/>\t\t\t<\/div>\n<\/div>\n<div class=\"qodef-e qodef-image-wrapper qodef-grid-item qodef-item--square\">\n\t<div class=\"qodef-e-inner\">\n\t\t\t\t\t<img loading=\"lazy\" decoding=\"async\" width=\"650\" height=\"650\" src=\"https:\/\/ernestocolnago.com\/wp-content\/uploads\/2022\/11\/lachic-1-650x650.png\" class=\"attachment-qi_addons_for_elementor_image_size_square size-qi_addons_for_elementor_image_size_square\" alt=\"\" srcset=\"https:\/\/ernestocolnago.com\/wp-content\/uploads\/2022\/11\/lachic-1-650x650.png 650w, https:\/\/ernestocolnago.com\/wp-content\/uploads\/2022\/11\/lachic-1-150x150.png 150w, https:\/\/ernestocolnago.com\/wp-content\/uploads\/2022\/11\/lachic-1-570x570.png 570w, https:\/\/ernestocolnago.com\/wp-content\/uploads\/2022\/11\/lachic-1-500x500.png 500w\" sizes=\"(max-width: 650px) 100vw, 650px\" \/>\t\t\t<\/div>\n<\/div>\n\t<\/div>\n<\/div>\n\t\t\t\t<\/div>\n\t\t\t\t<\/div>\n\t\t\t\t\t<\/div>\n\t\t<\/div>\n\t\t\t\t\t<\/div>\n\t\t<\/section>\n\t\t\t\t<section class=\"elementor-section elementor-top-section elementor-element elementor-element-c1fdd07 elementor-section-full_width elementor-section-height-default elementor-section-height-default parallax_section_no qode_elementor_container_no\" data-id=\"c1fdd07\" data-element_type=\"section\" data-e-type=\"section\">\n\t\t\t\t\t\t<div class=\"elementor-container elementor-column-gap-default\">\n\t\t\t\t\t<div class=\"elementor-column elementor-col-100 elementor-top-column elementor-element elementor-element-d4cd424\" data-id=\"d4cd424\" data-element_type=\"column\" data-e-type=\"column\">\n\t\t\t<div class=\"elementor-widget-wrap elementor-element-populated\">\n\t\t\t\t\t\t<div class=\"elementor-element elementor-element-6954645 elementor-widget elementor-widget-bridge_button\" data-id=\"6954645\" data-element_type=\"widget\" data-e-type=\"widget\" data-widget_type=\"bridge_button.default\">\n\t\t\t\t<div class=\"elementor-widget-container\">\n\t\t\t\t\t<a  itemprop=\"url\" href=\"https:\/\/www.lacollezioneec.com\/it\/\" target=\"_blank\" data-hover-background-color='#AC8546' data-hover-color='#FFFFFF' class=\"qbutton  small default button-custom\" style=\"color: #FFFFFF; font-style: normal; font-weight: 500; font-family: Droid Arabic Kufi, sans-serif; text-transform: uppercase; font-size: 24px; background-color: #AC8546;\">Scopri LA Collezione<\/a>\t\t\t\t<\/div>\n\t\t\t\t<\/div>\n\t\t\t\t\t<\/div>\n\t\t<\/div>\n\t\t\t\t\t<\/div>\n\t\t<\/section>\n\t\t\t\t<\/div>\n\t\t","protected":false},"excerpt":{"rendered":"<p>ERNESTO COLNAGOUn percorso irripetibile, una grande epopea che ha reso celebre Ernesto Colnago nel mondo. La bicicletta che si evolve, si trasforma, diventa mezzo per tutti e al tempo stesso simbolo di modernit\u00e0 e innovazione. Non una sola storia, in verit\u00e0, bens\u00ec due vicende parallele:&#8230;<\/p>\n","protected":false},"author":1,"featured_media":0,"parent":0,"menu_order":0,"comment_status":"closed","ping_status":"closed","template":"","meta":{"footnotes":""},"class_list":["post-2","page","type-page","status-publish","hentry"],"_links":{"self":[{"href":"https:\/\/ernestocolnago.com\/it\/wp-json\/wp\/v2\/pages\/2","targetHints":{"allow":["GET"]}}],"collection":[{"href":"https:\/\/ernestocolnago.com\/it\/wp-json\/wp\/v2\/pages"}],"about":[{"href":"https:\/\/ernestocolnago.com\/it\/wp-json\/wp\/v2\/types\/page"}],"author":[{"embeddable":true,"href":"https:\/\/ernestocolnago.com\/it\/wp-json\/wp\/v2\/users\/1"}],"replies":[{"embeddable":true,"href":"https:\/\/ernestocolnago.com\/it\/wp-json\/wp\/v2\/comments?post=2"}],"version-history":[{"count":47,"href":"https:\/\/ernestocolnago.com\/it\/wp-json\/wp\/v2\/pages\/2\/revisions"}],"predecessor-version":[{"id":128,"href":"https:\/\/ernestocolnago.com\/it\/wp-json\/wp\/v2\/pages\/2\/revisions\/128"}],"wp:attachment":[{"href":"https:\/\/ernestocolnago.com\/it\/wp-json\/wp\/v2\/media?parent=2"}],"curies":[{"name":"wp","href":"https:\/\/api.w.org\/{rel}","templated":true}]}}